{"id":19549,"date":"2023-03-17T16:58:56","date_gmt":"2023-03-17T16:58:56","guid":{"rendered":"https:\/\/eazaerealty.com\/?page_id=19549"},"modified":"2023-04-13T03:45:30","modified_gmt":"2023-04-12T23:45:30","slug":"landlord-agency","status":"publish","type":"page","link":"https:\/\/eazaerealty.com\/es\/landlord-agency\/","title":{"rendered":"Landlords"},"content":{"rendered":"<div data-elementor-type=\"wp-page\" data-elementor-id=\"19549\" class=\"elementor elementor-19549\">\n\t\t\t\t\t\t<section class=\"elementor-section elementor-top-section elementor-element elementor-element-c6d2fbd elementor-section-full_width elementor-section-height-min-height elementor-section-height-default elementor-section-items-middle\" data-id=\"c6d2fbd\" data-element_type=\"section\" data-e-type=\"section\" data-settings=\"{&quot;background_background&quot;:&quot;classic&quot;}\">\n\t\t\t\t\t\t\t<div class=\"elementor-background-overlay\"><\/div>\n\t\t\t\t\t\t\t<div class=\"elementor-container elementor-column-gap-default\">\n\t\t\t\t\t<div class=\"elementor-column elementor-col-100 elementor-top-column elementor-element elementor-element-8315505\" data-id=\"8315505\" data-element_type=\"column\" data-e-type=\"column\">\n\t\t\t<div class=\"elementor-widget-wrap elementor-element-populated\">\n\t\t\t\t\t\t<div class=\"elementor-element elementor-element-3602a6e elementor-invisible elementor-widget elementor-widget-heading\" data-id=\"3602a6e\" data-element_type=\"widget\" data-e-type=\"widget\" data-settings=\"{&quot;_animation&quot;:&quot;fadeIn&quot;,&quot;_animation_delay&quot;:100}\" data-widget_type=\"heading.default\">\n\t\t\t\t<div class=\"elementor-widget-container\">\n\t\t\t\t\t<h2 class=\"elementor-heading-title elementor-size-default\">Agencia del propietario<\/h2>\t\t\t\t<\/div>\n\t\t\t\t<\/div>\n\t\t\t\t<div class=\"elementor-element elementor-element-9709f04 elementor-invisible elementor-widget elementor-widget-text-editor\" data-id=\"9709f04\" data-element_type=\"widget\" data-e-type=\"widget\" data-settings=\"{&quot;_animation&quot;:&quot;fadeIn&quot;,&quot;_animation_delay&quot;:150}\" data-widget_type=\"text-editor.default\">\n\t\t\t\t<div class=\"elementor-widget-container\">\n\t\t\t\t\t\t\t\t\t<p>Representamos y asesoramos a los propietarios sobre el arrendamiento y la gesti\u00f3n de propiedades de alquiler en Dub\u00e1i.\u00a0<\/p>\t\t\t\t\t\t\t\t<\/div>\n\t\t\t\t<\/div>\n\t\t\t\t\t<\/div>\n\t\t<\/div>\n\t\t\t\t\t<\/div>\n\t\t<\/section>\n\t\t\t\t<section class=\"elementor-section elementor-top-section elementor-element elementor-element-4aa62c26 elementor-section-boxed elementor-section-height-default elementor-section-height-default\" data-id=\"4aa62c26\" data-element_type=\"section\" data-e-type=\"section\" data-settings=\"{&quot;background_background&quot;:&quot;classic&quot;}\">\n\t\t\t\t\t\t<div class=\"elementor-container elementor-column-gap-default\">\n\t\t\t\t\t<div class=\"elementor-column elementor-col-100 elementor-top-column elementor-element elementor-element-56feb8ff\" data-id=\"56feb8ff\" data-element_type=\"column\" data-e-type=\"column\">\n\t\t\t<div class=\"elementor-widget-wrap elementor-element-populated\">\n\t\t\t\t\t\t<div class=\"elementor-element elementor-element-44ddc07f elementor-widget elementor-widget-icon-box\" data-id=\"44ddc07f\" data-element_type=\"widget\" data-e-type=\"widget\" data-widget_type=\"icon-box.default\">\n\t\t\t\t<div class=\"elementor-widget-container\">\n\t\t\t\t\t\t\t<div class=\"elementor-icon-box-wrapper\">\n\n\t\t\t\n\t\t\t\t\t\t<div class=\"elementor-icon-box-content\">\n\n\t\t\t\t\t\t\t\t\t<h2 class=\"elementor-icon-box-title\">\n\t\t\t\t\t\t<span  >\n\t\t\t\t\t\t\tUna gu\u00eda para propietarios sobre el arrendamiento y la gesti\u00f3n de propiedades de alquiler en Dub\u00e1i\t\t\t\t\t\t<\/span>\n\t\t\t\t\t<\/h2>\n\t\t\t\t\n\t\t\t\t\t\t\t\t\t<p class=\"elementor-icon-box-description\">\n\t\t\t\t\t\t\u00bfEst\u00e1 planeando su pr\u00f3xima inversi\u00f3n en bienes ra\u00edces? Podemos ayudarlo, ya sea que desee enumerar propiedades a corto o largo plazo de cualquier tipo, desde torres de apartamentos hasta villas.\n<\/br>\nEche un vistazo a nuestra gu\u00eda paso a paso para propietarios, repleta de valiosos consejos de nuestros profesionales inmobiliarios locales.\t\t\t\t\t<\/p>\n\t\t\t\t\n\t\t\t<\/div>\n\t\t\t\n\t\t<\/div>\n\t\t\t\t\t\t<\/div>\n\t\t\t\t<\/div>\n\t\t\t\t<div class=\"elementor-element elementor-element-32a50df2 elementor-widget elementor-widget-icon-box\" data-id=\"32a50df2\" data-element_type=\"widget\" data-e-type=\"widget\" data-widget_type=\"icon-box.default\">\n\t\t\t\t<div class=\"elementor-widget-container\">\n\t\t\t\t\t\t\t<div class=\"elementor-icon-box-wrapper\">\n\n\t\t\t\n\t\t\t\t\t\t<div class=\"elementor-icon-box-content\">\n\n\t\t\t\t\t\t\t\t\t<h3 class=\"elementor-icon-box-title\">\n\t\t\t\t\t\t<span  >\n\t\t\t\t\t\t\tPaso 1: obtenga un an\u00e1lisis de mercado comparativo\t\t\t\t\t\t<\/span>\n\t\t\t\t\t<\/h3>\n\t\t\t\t\n\t\t\t\t\t\t\t\t\t<p class=\"elementor-icon-box-description\">\n\t\t\t\t\t\tP\u00f3ngase en contacto con un agente inmobiliario local para obtener una valoraci\u00f3n de marketing o un an\u00e1lisis de mercado comparativo (CMA) para su cartera de Bienes Ra\u00edces.\n\t\t\t\t\t<\/p>\n\t\t\t\t\n\t\t\t<\/div>\n\t\t\t\n\t\t<\/div>\n\t\t\t\t\t\t<\/div>\n\t\t\t\t<\/div>\n\t\t\t\t<div class=\"elementor-element elementor-element-61284558 elementor-widget elementor-widget-icon-box\" data-id=\"61284558\" data-element_type=\"widget\" data-e-type=\"widget\" data-widget_type=\"icon-box.default\">\n\t\t\t\t<div class=\"elementor-widget-container\">\n\t\t\t\t\t\t\t<div class=\"elementor-icon-box-wrapper\">\n\n\t\t\t\n\t\t\t\t\t\t<div class=\"elementor-icon-box-content\">\n\n\t\t\t\t\t\t\t\t\t<h3 class=\"elementor-icon-box-title\">\n\t\t\t\t\t\t<span  >\n\t\t\t\t\t\t\tPaso 2: contrate a un administrador de propiedades\t\t\t\t\t\t<\/span>\n\t\t\t\t\t<\/h3>\n\t\t\t\t\n\t\t\t\t\t\t\t\t\t<p class=\"elementor-icon-box-description\">\n\t\t\t\t\t\tConsidere contratar a un administrador de propiedades a trav\u00e9s de su agente para preparar y presentar su propiedad en las mejores condiciones para que se destaque y atraiga a los inquilinos adecuados.\n<\/br>\nEsto es particularmente beneficioso si posee varias propiedades o administra su inversi\u00f3n de forma remota. Un administrador de propiedades tambi\u00e9n puede ayudarlo a lidiar con cualquier problema de mantenimiento, manejar los cobros de pagos y renovar su propiedad en su nombre para que pueda estar completamente tranquilo.\n\n \n\n\t\t\t\t\t<\/p>\n\t\t\t\t\n\t\t\t<\/div>\n\t\t\t\n\t\t<\/div>\n\t\t\t\t\t\t<\/div>\n\t\t\t\t<\/div>\n\t\t\t\t<div class=\"elementor-element elementor-element-258f0c2 elementor-widget elementor-widget-icon-box\" data-id=\"258f0c2\" data-element_type=\"widget\" data-e-type=\"widget\" data-widget_type=\"icon-box.default\">\n\t\t\t\t<div class=\"elementor-widget-container\">\n\t\t\t\t\t\t\t<div class=\"elementor-icon-box-wrapper\">\n\n\t\t\t\n\t\t\t\t\t\t<div class=\"elementor-icon-box-content\">\n\n\t\t\t\t\t\t\t\t\t<h3 class=\"elementor-icon-box-title\">\n\t\t\t\t\t\t<span  >\n\t\t\t\t\t\t\tPaso 3: contrate a un corredor confiable\t\t\t\t\t\t<\/span>\n\t\t\t\t\t<\/h3>\n\t\t\t\t\n\t\t\t\t\t\t\t\t\t<p class=\"elementor-icon-box-description\">\n\t\t\t\t\t\tEncuentre un corredor con buena reputaci\u00f3n y con el que pueda contar para velar por sus mejores intereses y darle a su propiedad la mejor exposici\u00f3n en el mercado.\t\t\t\t\t<\/p>\n\t\t\t\t\n\t\t\t<\/div>\n\t\t\t\n\t\t<\/div>\n\t\t\t\t\t\t<\/div>\n\t\t\t\t<\/div>\n\t\t\t\t<div class=\"elementor-element elementor-element-7a0bca5 elementor-widget elementor-widget-icon-box\" data-id=\"7a0bca5\" data-element_type=\"widget\" data-e-type=\"widget\" data-widget_type=\"icon-box.default\">\n\t\t\t\t<div class=\"elementor-widget-container\">\n\t\t\t\t\t\t\t<div class=\"elementor-icon-box-wrapper\">\n\n\t\t\t\n\t\t\t\t\t\t<div class=\"elementor-icon-box-content\">\n\n\t\t\t\t\t\t\t\t\t<h3 class=\"elementor-icon-box-title\">\n\t\t\t\t\t\t<span  >\n\t\t\t\t\t\t\tPaso 4: Firme el formulario A de RERA\t\t\t\t\t\t<\/span>\n\t\t\t\t\t<\/h3>\n\t\t\t\t\n\t\t\t\t\t\t\t\t\t<p class=\"elementor-icon-box-description\">\n\t\t\t\t\t\tComo propietario registrado, deber\u00e1 firmar un formulario de cotizaci\u00f3n RERA para autorizar a su corredor a cotizar y comercializar su propiedad. Tambi\u00e9n deber\u00e1 proporcionar una copia de los t\u00edtulos de propiedad y su identificaci\u00f3n para que su corredor pueda completar su diligencia debida.\n\t\t\t\t\t<\/p>\n\t\t\t\t\n\t\t\t<\/div>\n\t\t\t\n\t\t<\/div>\n\t\t\t\t\t\t<\/div>\n\t\t\t\t<\/div>\n\t\t\t\t<div class=\"elementor-element elementor-element-280880f3 elementor-widget elementor-widget-icon-box\" data-id=\"280880f3\" data-element_type=\"widget\" data-e-type=\"widget\" data-widget_type=\"icon-box.default\">\n\t\t\t\t<div class=\"elementor-widget-container\">\n\t\t\t\t\t\t\t<div class=\"elementor-icon-box-wrapper\">\n\n\t\t\t\n\t\t\t\t\t\t<div class=\"elementor-icon-box-content\">\n\n\t\t\t\t\t\t\t\t\t<h3 class=\"elementor-icon-box-title\">\n\t\t\t\t\t\t<span  >\n\t\t\t\t\t\t\tPaso 5: asista a las visitas y considere todas las ofertas\t\t\t\t\t\t<\/span>\n\t\t\t\t\t<\/h3>\n\t\t\t\t\n\t\t\t\t\t\t\t\t\t<p class=\"elementor-icon-box-description\">\n\t\t\t\t\t\tUna vez que su propiedad est\u00e9 en la lista, mant\u00e9ngase en contacto con su corredor para obtener actualizaciones oportunas e intente asistir a las visitas para que pueda interactuar directamente con los posibles inquilinos.\n<\/br>\nConsidere todas las ofertas que se le presenten y prep\u00e1rese para negociar. Por otro lado, no descarte ninguna oferta hasta que sepa qu\u00e9 tan popular es su propiedad en el mercado.\n\t\t\t\t\t<\/p>\n\t\t\t\t\n\t\t\t<\/div>\n\t\t\t\n\t\t<\/div>\n\t\t\t\t\t\t<\/div>\n\t\t\t\t<\/div>\n\t\t\t\t<div class=\"elementor-element elementor-element-f7a3bb6 elementor-widget elementor-widget-icon-box\" data-id=\"f7a3bb6\" data-element_type=\"widget\" data-e-type=\"widget\" data-widget_type=\"icon-box.default\">\n\t\t\t\t<div class=\"elementor-widget-container\">\n\t\t\t\t\t\t\t<div class=\"elementor-icon-box-wrapper\">\n\n\t\t\t\n\t\t\t\t\t\t<div class=\"elementor-icon-box-content\">\n\n\t\t\t\t\t\t\t\t\t<h3 class=\"elementor-icon-box-title\">\n\t\t\t\t\t\t<span  >\n\t\t\t\t\t\t\tPaso 6: redactar el contrato de arrendamiento\t\t\t\t\t\t<\/span>\n\t\t\t\t\t<\/h3>\n\t\t\t\t\n\t\t\t\t\t\t\t\t\t<p class=\"elementor-icon-box-description\">\n\t\t\t\t\t\tConsidere buscar asesoramiento y apoyo legal cuando celebre el contrato de arrendamiento con sus inquilinos y redacte los contratos finales.\n<\/br>\nLa ley le exigir\u00e1 que registre sus contratos de alquiler en Ejari, un sistema dise\u00f1ado para regular y facilitar el mercado de alquiler de Dub\u00e1i. Su contrato se mantendr\u00e1 en archivo durante la duraci\u00f3n del arrendamiento, donde no se puede modificar.\n\n\t\t\t\t\t<\/p>\n\t\t\t\t\n\t\t\t<\/div>\n\t\t\t\n\t\t<\/div>\n\t\t\t\t\t\t<\/div>\n\t\t\t\t<\/div>\n\t\t\t\t<div class=\"elementor-element elementor-element-5679a325 elementor-widget elementor-widget-icon-box\" data-id=\"5679a325\" data-element_type=\"widget\" data-e-type=\"widget\" data-widget_type=\"icon-box.default\">\n\t\t\t\t<div class=\"elementor-widget-container\">\n\t\t\t\t\t\t\t<div class=\"elementor-icon-box-wrapper\">\n\n\t\t\t\n\t\t\t\t\t\t<div class=\"elementor-icon-box-content\">\n\n\t\t\t\t\t\t\t\t\t<h3 class=\"elementor-icon-box-title\">\n\t\t\t\t\t\t<a href=\"https:\/\/eazaerealty.com\/es\/contact\/\" >\n\t\t\t\t\t\t\t\u00bfQuiere alquilar su propiedad en Dub\u00e1i? \u00a1P\u00f3ngase en contacto con nosotros hoy!\t\t\t\t\t\t<\/a>\n\t\t\t\t\t<\/h3>\n\t\t\t\t\n\t\t\t\t\n\t\t\t<\/div>\n\t\t\t\n\t\t<\/div>\n\t\t\t\t\t\t<\/div>\n\t\t\t\t<\/div>\n\t\t\t\t\t<\/div>\n\t\t<\/div>\n\t\t\t\t\t<\/div>\n\t\t<\/section>\n\t\t\t\t<section class=\"elementor-section elementor-top-section elementor-element elementor-element-f7e4e20 elementor-section-full_width elementor-hidden-widescreen elementor-hidden-desktop elementor-hidden-tablet elementor-hidden-mobile elementor-section-height-default elementor-section-height-default\" data-id=\"f7e4e20\" data-element_type=\"section\" data-e-type=\"section\" data-settings=\"{&quot;background_background&quot;:&quot;classic&quot;}\">\n\t\t\t\t\t\t<div class=\"elementor-container elementor-column-gap-default\">\n\t\t\t\t\t<div class=\"elementor-column elementor-col-100 elementor-top-column elementor-element elementor-element-c22c910\" data-id=\"c22c910\" data-element_type=\"column\" data-e-type=\"column\">\n\t\t\t<div class=\"elementor-widget-wrap elementor-element-populated\">\n\t\t\t\t\t\t<div class=\"elementor-element elementor-element-7a1f780 elementor-invisible elementor-widget elementor-widget-text-editor\" data-id=\"7a1f780\" data-element_type=\"widget\" data-e-type=\"widget\" data-settings=\"{&quot;_animation&quot;:&quot;fadeIn&quot;,&quot;_animation_delay&quot;:150}\" data-widget_type=\"text-editor.default\">\n\t\t\t\t<div class=\"elementor-widget-container\">\n\t\t\t\t\t\t\t\t\t<p><span style=\"font-size: 14pt;\"><b>Una gu\u00eda para propietarios sobre el arrendamiento y la gesti\u00f3n de propiedades de alquiler en Dub\u00e1i<\/b><\/span><\/p>\t\t\t\t\t\t\t\t<\/div>\n\t\t\t\t<\/div>\n\t\t\t\t<div class=\"elementor-element elementor-element-f050774 elementor-invisible elementor-widget elementor-widget-text-editor\" data-id=\"f050774\" data-element_type=\"widget\" data-e-type=\"widget\" data-settings=\"{&quot;_animation&quot;:&quot;fadeIn&quot;,&quot;_animation_delay&quot;:150}\" data-widget_type=\"text-editor.default\">\n\t\t\t\t<div class=\"elementor-widget-container\">\n\t\t\t\t\t\t\t\t\t<p style=\"font-size: 18px;\">\u00bfEst\u00e1 planeando su pr\u00f3xima inversi\u00f3n en bienes ra\u00edces? Podemos ayudarlo, ya sea que desee enumerar propiedades a corto o largo plazo de cualquier tipo, desde torres de apartamentos hasta villas.<\/p><p style=\"font-size: 18px;\">Eche un vistazo a nuestra gu\u00eda paso a paso para propietarios, repleta de valiosos consejos de nuestros profesionales inmobiliarios locales.<\/p><p><strong><span style=\"font-size: 18.6667px;\">\u00a0<\/span><\/strong><\/p><p><strong><span style=\"font-size: 18.6667px;\">Paso 1: obtenga un an\u00e1lisis de mercado comparativo<\/span><\/strong><\/p><p><span style=\"font-size: 18.6667px;\">P\u00f3ngase en contacto con un agente inmobiliario local para obtener una valoraci\u00f3n de marketing o un an\u00e1lisis de mercado comparativo (CMA) para su cartera de Bienes Ra\u00edces.<\/span><\/p><p><span style=\"font-size: 18.6667px;\">\u00a0<\/span><\/p><p><strong><span style=\"font-size: 18.6667px;\">Paso 2: contrate a un administrador de propiedades<\/span><\/strong><\/p><p><span style=\"font-size: 18.6667px;\">Considere contratar a un administrador de propiedades a trav\u00e9s de su agente para preparar y presentar su propiedad en las mejores condiciones para que se destaque y atraiga a los inquilinos adecuados.<\/span><\/p><p><span style=\"font-size: 18.6667px;\">Esto es particularmente beneficioso si posee varias propiedades o administra su inversi\u00f3n de forma remota. Un administrador de propiedades tambi\u00e9n puede ayudarlo a lidiar con cualquier problema de mantenimiento, manejar los cobros de pagos y renovar su propiedad en su nombre para que pueda estar completamente tranquilo.<\/span><\/p><p><span style=\"font-size: 18.6667px;\">\u00a0<\/span><\/p><p><strong><span style=\"font-size: 18.6667px;\">Paso 3: contrate a un corredor confiable<\/span><\/strong><\/p><p><span style=\"font-size: 18.6667px;\">Encuentre un corredor con buena reputaci\u00f3n y con el que pueda contar para velar por sus mejores intereses y darle a su propiedad la mejor exposici\u00f3n en el mercado.<\/span><\/p><p><span style=\"font-size: 18.6667px;\">\u00a0<\/span><\/p><p><strong><span style=\"font-size: 18.6667px;\">Paso 4: Firme el formulario A de RERA<\/span><\/strong><\/p><p><span style=\"font-size: 18.6667px;\">Como propietario registrado, deber\u00e1 firmar un formulario de cotizaci\u00f3n RERA para autorizar a su corredor a cotizar y comercializar su propiedad. Tambi\u00e9n deber\u00e1 proporcionar una copia de los t\u00edtulos de propiedad y su identificaci\u00f3n para que su corredor pueda completar su diligencia debida.<\/span><\/p><p><span style=\"font-size: 18.6667px;\">\u00a0<\/span><\/p><p><strong><span style=\"font-size: 18.6667px;\">Paso 5: asista a las visitas y considere todas las ofertas<\/span><\/strong><\/p><p><span style=\"font-size: 18.6667px;\">Una vez que su propiedad est\u00e9 en la lista, mant\u00e9ngase en contacto con su corredor para obtener actualizaciones oportunas e intente asistir a las visitas para que pueda interactuar directamente con los posibles inquilinos.<\/span><\/p><p><span style=\"font-size: 18.6667px;\">Considere todas las ofertas que se le presenten y prep\u00e1rese para negociar. Por otro lado, no descarte ninguna oferta hasta que sepa qu\u00e9 tan popular es su propiedad en el mercado.<\/span><\/p><p><span style=\"font-size: 18.6667px;\">\u00a0<\/span><\/p><p><strong><span style=\"font-size: 18.6667px;\">Paso 6: redactar el contrato de arrendamiento<\/span><\/strong><\/p><p><span style=\"font-size: 18.6667px;\">Considere buscar asesoramiento y apoyo legal cuando celebre el contrato de arrendamiento con sus inquilinos y redacte los contratos finales.<\/span><\/p><p><span style=\"font-size: 18.6667px;\">La ley le exigir\u00e1 que registre sus contratos de alquiler en Ejari, un sistema dise\u00f1ado para regular y facilitar el mercado de alquiler de Dub\u00e1i. Su contrato se mantendr\u00e1 en archivo durante la duraci\u00f3n del arrendamiento, donde no se puede modificar.<\/span><\/p><p><span style=\"font-size: 18.6667px;\">\u00a0<\/span><\/p><p><strong><span style=\"font-size: 18.6667px;\">\u00bfQuiere alquilar su propiedad en Dub\u00e1i? \u00a1P\u00f3ngase en contacto con nosotros hoy!<\/span><\/strong><\/p>\t\t\t\t\t\t\t\t<\/div>\n\t\t\t\t<\/div>\n\t\t\t\t\t<\/div>\n\t\t<\/div>\n\t\t\t\t\t<\/div>\n\t\t<\/section>\n\t\t\t\t<\/div>","protected":false},"excerpt":{"rendered":"<p>Landlord&#8217;s Agency We represent and advise Landlords on leasing and managing rental properties in Dubai\u00a0 A Landlord\u2019s Guide to Leasing and Managing Rental Properties in Dubai Planning on your next investment in real estate? We can help, whether you want to list short-term or long-term properties of any type, from apartment towers to villas. Take a look at our step-by-step landlord\u2019s guide, packed with &#8230;<\/p>","protected":false},"author":1,"featured_media":0,"parent":0,"menu_order":0,"comment_status":"closed","ping_status":"closed","template":"","meta":{"footnotes":""},"class_list":["post-19549","page","type-page","status-publish","hentry"],"_links":{"self":[{"href":"https:\/\/eazaerealty.com\/es\/wp-json\/wp\/v2\/pages\/19549","targetHints":{"allow":["GET"]}}],"collection":[{"href":"https:\/\/eazaerealty.com\/es\/wp-json\/wp\/v2\/pages"}],"about":[{"href":"https:\/\/eazaerealty.com\/es\/wp-json\/wp\/v2\/types\/page"}],"author":[{"embeddable":true,"href":"https:\/\/eazaerealty.com\/es\/wp-json\/wp\/v2\/users\/1"}],"replies":[{"embeddable":true,"href":"https:\/\/eazaerealty.com\/es\/wp-json\/wp\/v2\/comments?post=19549"}],"version-history":[{"count":50,"href":"https:\/\/eazaerealty.com\/es\/wp-json\/wp\/v2\/pages\/19549\/revisions"}],"predecessor-version":[{"id":23073,"href":"https:\/\/eazaerealty.com\/es\/wp-json\/wp\/v2\/pages\/19549\/revisions\/23073"}],"wp:attachment":[{"href":"https:\/\/eazaerealty.com\/es\/wp-json\/wp\/v2\/media?parent=19549"}],"curies":[{"name":"wp","href":"https:\/\/api.w.org\/{rel}","templated":true}]}}