{"id":19549,"date":"2023-03-17T16:58:56","date_gmt":"2023-03-17T16:58:56","guid":{"rendered":"https:\/\/eazaerealty.com\/?page_id=19549"},"modified":"2023-04-13T03:45:30","modified_gmt":"2023-04-12T23:45:30","slug":"landlord-agency","status":"publish","type":"page","link":"https:\/\/eazaerealty.com\/fr\/landlord-agency\/","title":{"rendered":"Landlords"},"content":{"rendered":"<div data-elementor-type=\"wp-page\" data-elementor-id=\"19549\" class=\"elementor elementor-19549\">\n\t\t\t\t\t\t<section class=\"elementor-section elementor-top-section elementor-element elementor-element-c6d2fbd elementor-section-full_width elementor-section-height-min-height elementor-section-height-default elementor-section-items-middle\" data-id=\"c6d2fbd\" data-element_type=\"section\" data-e-type=\"section\" data-settings=\"{&quot;background_background&quot;:&quot;classic&quot;}\">\n\t\t\t\t\t\t\t<div class=\"elementor-background-overlay\"><\/div>\n\t\t\t\t\t\t\t<div class=\"elementor-container elementor-column-gap-default\">\n\t\t\t\t\t<div class=\"elementor-column elementor-col-100 elementor-top-column elementor-element elementor-element-8315505\" data-id=\"8315505\" data-element_type=\"column\" data-e-type=\"column\">\n\t\t\t<div class=\"elementor-widget-wrap elementor-element-populated\">\n\t\t\t\t\t\t<div class=\"elementor-element elementor-element-3602a6e elementor-invisible elementor-widget elementor-widget-heading\" data-id=\"3602a6e\" data-element_type=\"widget\" data-e-type=\"widget\" data-settings=\"{&quot;_animation&quot;:&quot;fadeIn&quot;,&quot;_animation_delay&quot;:100}\" data-widget_type=\"heading.default\">\n\t\t\t\t<div class=\"elementor-widget-container\">\n\t\t\t\t\t<h2 class=\"elementor-heading-title elementor-size-default\">Agence du propri\u00e9taire<\/h2>\t\t\t\t<\/div>\n\t\t\t\t<\/div>\n\t\t\t\t<div class=\"elementor-element elementor-element-9709f04 elementor-invisible elementor-widget elementor-widget-text-editor\" data-id=\"9709f04\" data-element_type=\"widget\" data-e-type=\"widget\" data-settings=\"{&quot;_animation&quot;:&quot;fadeIn&quot;,&quot;_animation_delay&quot;:150}\" data-widget_type=\"text-editor.default\">\n\t\t\t\t<div class=\"elementor-widget-container\">\n\t\t\t\t\t\t\t\t\t<p>Nous repr\u00e9sentons et conseillons les propri\u00e9taires sur la location et la gestion de propri\u00e9t\u00e9s locatives \u00e0 Duba\u00ef\u00a0<\/p>\t\t\t\t\t\t\t\t<\/div>\n\t\t\t\t<\/div>\n\t\t\t\t\t<\/div>\n\t\t<\/div>\n\t\t\t\t\t<\/div>\n\t\t<\/section>\n\t\t\t\t<section class=\"elementor-section elementor-top-section elementor-element elementor-element-4aa62c26 elementor-section-boxed elementor-section-height-default elementor-section-height-default\" data-id=\"4aa62c26\" data-element_type=\"section\" data-e-type=\"section\" data-settings=\"{&quot;background_background&quot;:&quot;classic&quot;}\">\n\t\t\t\t\t\t<div class=\"elementor-container elementor-column-gap-default\">\n\t\t\t\t\t<div class=\"elementor-column elementor-col-100 elementor-top-column elementor-element elementor-element-56feb8ff\" data-id=\"56feb8ff\" data-element_type=\"column\" data-e-type=\"column\">\n\t\t\t<div class=\"elementor-widget-wrap elementor-element-populated\">\n\t\t\t\t\t\t<div class=\"elementor-element elementor-element-44ddc07f elementor-widget elementor-widget-icon-box\" data-id=\"44ddc07f\" data-element_type=\"widget\" data-e-type=\"widget\" data-widget_type=\"icon-box.default\">\n\t\t\t\t<div class=\"elementor-widget-container\">\n\t\t\t\t\t\t\t<div class=\"elementor-icon-box-wrapper\">\n\n\t\t\t\n\t\t\t\t\t\t<div class=\"elementor-icon-box-content\">\n\n\t\t\t\t\t\t\t\t\t<h2 class=\"elementor-icon-box-title\">\n\t\t\t\t\t\t<span  >\n\t\t\t\t\t\t\tGuide du propri\u00e9taire pour la location et la gestion de propri\u00e9t\u00e9s locatives \u00e0 Duba\u00ef\t\t\t\t\t\t<\/span>\n\t\t\t\t\t<\/h2>\n\t\t\t\t\n\t\t\t\t\t\t\t\t\t<p class=\"elementor-icon-box-description\">\n\t\t\t\t\t\tVous planifiez votre prochain investissement immobilier? Nous pouvons vous aider, que vous souhaitiez r\u00e9pertorier des propri\u00e9t\u00e9s \u00e0 court ou \u00e0 long terme de tout type, des tours d&#039;appartements aux villas.\n<\/br>\nJetez un \u0153il \u00e0 notre guide \u00e9tape par \u00e9tape du propri\u00e9taire, rempli de pr\u00e9cieux conseils de nos professionnels de l&#039;immobilier locaux.\t\t\t\t\t<\/p>\n\t\t\t\t\n\t\t\t<\/div>\n\t\t\t\n\t\t<\/div>\n\t\t\t\t\t\t<\/div>\n\t\t\t\t<\/div>\n\t\t\t\t<div class=\"elementor-element elementor-element-32a50df2 elementor-widget elementor-widget-icon-box\" data-id=\"32a50df2\" data-element_type=\"widget\" data-e-type=\"widget\" data-widget_type=\"icon-box.default\">\n\t\t\t\t<div class=\"elementor-widget-container\">\n\t\t\t\t\t\t\t<div class=\"elementor-icon-box-wrapper\">\n\n\t\t\t\n\t\t\t\t\t\t<div class=\"elementor-icon-box-content\">\n\n\t\t\t\t\t\t\t\t\t<h3 class=\"elementor-icon-box-title\">\n\t\t\t\t\t\t<span  >\n\t\t\t\t\t\t\t\u00c9tape 1 : Obtenez une analyse comparative du march\u00e9\t\t\t\t\t\t<\/span>\n\t\t\t\t\t<\/h3>\n\t\t\t\t\n\t\t\t\t\t\t\t\t\t<p class=\"elementor-icon-box-description\">\n\t\t\t\t\t\tContactez un agent immobilier local pour obtenir une \u00e9valuation marketing ou une analyse de march\u00e9 comparative (CMA) pour votre portefeuille immobilier.\n\t\t\t\t\t<\/p>\n\t\t\t\t\n\t\t\t<\/div>\n\t\t\t\n\t\t<\/div>\n\t\t\t\t\t\t<\/div>\n\t\t\t\t<\/div>\n\t\t\t\t<div class=\"elementor-element elementor-element-61284558 elementor-widget elementor-widget-icon-box\" data-id=\"61284558\" data-element_type=\"widget\" data-e-type=\"widget\" data-widget_type=\"icon-box.default\">\n\t\t\t\t<div class=\"elementor-widget-container\">\n\t\t\t\t\t\t\t<div class=\"elementor-icon-box-wrapper\">\n\n\t\t\t\n\t\t\t\t\t\t<div class=\"elementor-icon-box-content\">\n\n\t\t\t\t\t\t\t\t\t<h3 class=\"elementor-icon-box-title\">\n\t\t\t\t\t\t<span  >\n\t\t\t\t\t\t\t\u00c9tape 2 : Embaucher un gestionnaire immobilier\t\t\t\t\t\t<\/span>\n\t\t\t\t\t<\/h3>\n\t\t\t\t\n\t\t\t\t\t\t\t\t\t<p class=\"elementor-icon-box-description\">\n\t\t\t\t\t\tEnvisagez d&#039;engager un gestionnaire immobilier par l&#039;interm\u00e9diaire de votre agent pour pr\u00e9parer et pr\u00e9senter votre propri\u00e9t\u00e9 dans son meilleur \u00e9tat afin de vous d\u00e9marquer et d&#039;attirer les bons locataires.\n<\/br>\nCeci est particuli\u00e8rement avantageux si vous poss\u00e9dez plusieurs propri\u00e9t\u00e9s ou si vous g\u00e9rez votre investissement \u00e0 distance. Un gestionnaire immobilier peut \u00e9galement vous aider \u00e0 r\u00e9soudre les probl\u00e8mes d&#039;entretien, \u00e0 g\u00e9rer les recouvrements de paiements et \u00e0 renouveler votre propri\u00e9t\u00e9 en votre nom afin que vous puissiez avoir l&#039;esprit tranquille.\n\n \n\n\t\t\t\t\t<\/p>\n\t\t\t\t\n\t\t\t<\/div>\n\t\t\t\n\t\t<\/div>\n\t\t\t\t\t\t<\/div>\n\t\t\t\t<\/div>\n\t\t\t\t<div class=\"elementor-element elementor-element-258f0c2 elementor-widget elementor-widget-icon-box\" data-id=\"258f0c2\" data-element_type=\"widget\" data-e-type=\"widget\" data-widget_type=\"icon-box.default\">\n\t\t\t\t<div class=\"elementor-widget-container\">\n\t\t\t\t\t\t\t<div class=\"elementor-icon-box-wrapper\">\n\n\t\t\t\n\t\t\t\t\t\t<div class=\"elementor-icon-box-content\">\n\n\t\t\t\t\t\t\t\t\t<h3 class=\"elementor-icon-box-title\">\n\t\t\t\t\t\t<span  >\n\t\t\t\t\t\t\t\u00c9tape 3 : Embauchez un courtier fiable\t\t\t\t\t\t<\/span>\n\t\t\t\t\t<\/h3>\n\t\t\t\t\n\t\t\t\t\t\t\t\t\t<p class=\"elementor-icon-box-description\">\n\t\t\t\t\t\tTrouvez un courtier avec une bonne r\u00e9putation et sur lequel vous pouvez compter pour veiller \u00e0 vos meilleurs int\u00e9r\u00eats et donner \u00e0 votre propri\u00e9t\u00e9 la meilleure exposition sur le march\u00e9.\t\t\t\t\t<\/p>\n\t\t\t\t\n\t\t\t<\/div>\n\t\t\t\n\t\t<\/div>\n\t\t\t\t\t\t<\/div>\n\t\t\t\t<\/div>\n\t\t\t\t<div class=\"elementor-element elementor-element-7a0bca5 elementor-widget elementor-widget-icon-box\" data-id=\"7a0bca5\" data-element_type=\"widget\" data-e-type=\"widget\" data-widget_type=\"icon-box.default\">\n\t\t\t\t<div class=\"elementor-widget-container\">\n\t\t\t\t\t\t\t<div class=\"elementor-icon-box-wrapper\">\n\n\t\t\t\n\t\t\t\t\t\t<div class=\"elementor-icon-box-content\">\n\n\t\t\t\t\t\t\t\t\t<h3 class=\"elementor-icon-box-title\">\n\t\t\t\t\t\t<span  >\n\t\t\t\t\t\t\t\u00c9tape 4 : Signer le formulaire RERA A\t\t\t\t\t\t<\/span>\n\t\t\t\t\t<\/h3>\n\t\t\t\t\n\t\t\t\t\t\t\t\t\t<p class=\"elementor-icon-box-description\">\n\t\t\t\t\t\tEn tant que propri\u00e9taire enregistr\u00e9, vous devrez signer un formulaire d&#039;inscription RERA pour donner \u00e0 votre courtier la permission d&#039;inscrire et de commercialiser votre propri\u00e9t\u00e9. Vous devrez \u00e9galement fournir une copie des titres de propri\u00e9t\u00e9 et votre pi\u00e8ce d&#039;identit\u00e9 afin que votre courtier puisse compl\u00e9ter sa diligence raisonnable.\n\t\t\t\t\t<\/p>\n\t\t\t\t\n\t\t\t<\/div>\n\t\t\t\n\t\t<\/div>\n\t\t\t\t\t\t<\/div>\n\t\t\t\t<\/div>\n\t\t\t\t<div class=\"elementor-element elementor-element-280880f3 elementor-widget elementor-widget-icon-box\" data-id=\"280880f3\" data-element_type=\"widget\" data-e-type=\"widget\" data-widget_type=\"icon-box.default\">\n\t\t\t\t<div class=\"elementor-widget-container\">\n\t\t\t\t\t\t\t<div class=\"elementor-icon-box-wrapper\">\n\n\t\t\t\n\t\t\t\t\t\t<div class=\"elementor-icon-box-content\">\n\n\t\t\t\t\t\t\t\t\t<h3 class=\"elementor-icon-box-title\">\n\t\t\t\t\t\t<span  >\n\t\t\t\t\t\t\t\u00c9tape 5 : Assistez aux visites et consid\u00e9rez chaque offre\t\t\t\t\t\t<\/span>\n\t\t\t\t\t<\/h3>\n\t\t\t\t\n\t\t\t\t\t\t\t\t\t<p class=\"elementor-icon-box-description\">\n\t\t\t\t\t\tUne fois que votre propri\u00e9t\u00e9 est r\u00e9pertori\u00e9e, restez en contact avec votre courtier pour des mises \u00e0 jour en temps opportun et essayez d&#039;assister aux visites afin de pouvoir dialoguer directement avec tout locataire potentiel.\n<\/br>\nConsid\u00e9rez chaque offre qui se pr\u00e9sente \u00e0 vous et soyez pr\u00eat \u00e0 n\u00e9gocier. D&#039;autre part, ne rejetez aucune offre tant que vous ne savez pas \u00e0 quel point votre propri\u00e9t\u00e9 est populaire sur le march\u00e9.\n\t\t\t\t\t<\/p>\n\t\t\t\t\n\t\t\t<\/div>\n\t\t\t\n\t\t<\/div>\n\t\t\t\t\t\t<\/div>\n\t\t\t\t<\/div>\n\t\t\t\t<div class=\"elementor-element elementor-element-f7a3bb6 elementor-widget elementor-widget-icon-box\" data-id=\"f7a3bb6\" data-element_type=\"widget\" data-e-type=\"widget\" data-widget_type=\"icon-box.default\">\n\t\t\t\t<div class=\"elementor-widget-container\">\n\t\t\t\t\t\t\t<div class=\"elementor-icon-box-wrapper\">\n\n\t\t\t\n\t\t\t\t\t\t<div class=\"elementor-icon-box-content\">\n\n\t\t\t\t\t\t\t\t\t<h3 class=\"elementor-icon-box-title\">\n\t\t\t\t\t\t<span  >\n\t\t\t\t\t\t\t\u00c9tape 6 : R\u00e9digez le contrat de location\t\t\t\t\t\t<\/span>\n\t\t\t\t\t<\/h3>\n\t\t\t\t\n\t\t\t\t\t\t\t\t\t<p class=\"elementor-icon-box-description\">\n\t\t\t\t\t\tEnvisagez de demander des conseils et une assistance juridiques lors de la r\u00e9daction du contrat de location avec vos locataires et de la r\u00e9daction des contrats finaux.\n<\/br>\nLa loi vous obligera \u00e0 enregistrer vos contrats de location aupr\u00e8s d&#039;Ejari, un syst\u00e8me con\u00e7u pour r\u00e9glementer et faciliter le march\u00e9 locatif de Duba\u00ef. Votre contrat sera conserv\u00e9 pendant toute la dur\u00e9e de la location, o\u00f9 il ne pourra pas \u00eatre modifi\u00e9.\n\n\t\t\t\t\t<\/p>\n\t\t\t\t\n\t\t\t<\/div>\n\t\t\t\n\t\t<\/div>\n\t\t\t\t\t\t<\/div>\n\t\t\t\t<\/div>\n\t\t\t\t<div class=\"elementor-element elementor-element-5679a325 elementor-widget elementor-widget-icon-box\" data-id=\"5679a325\" data-element_type=\"widget\" data-e-type=\"widget\" data-widget_type=\"icon-box.default\">\n\t\t\t\t<div class=\"elementor-widget-container\">\n\t\t\t\t\t\t\t<div class=\"elementor-icon-box-wrapper\">\n\n\t\t\t\n\t\t\t\t\t\t<div class=\"elementor-icon-box-content\">\n\n\t\t\t\t\t\t\t\t\t<h3 class=\"elementor-icon-box-title\">\n\t\t\t\t\t\t<a href=\"https:\/\/eazaerealty.com\/fr\/contact\/\" >\n\t\t\t\t\t\t\tVous cherchez \u00e0 louer votre propri\u00e9t\u00e9 \u00e0 Duba\u00ef ? Contactez-nous aujourd&#039;hui!\t\t\t\t\t\t<\/a>\n\t\t\t\t\t<\/h3>\n\t\t\t\t\n\t\t\t\t\n\t\t\t<\/div>\n\t\t\t\n\t\t<\/div>\n\t\t\t\t\t\t<\/div>\n\t\t\t\t<\/div>\n\t\t\t\t\t<\/div>\n\t\t<\/div>\n\t\t\t\t\t<\/div>\n\t\t<\/section>\n\t\t\t\t<section class=\"elementor-section elementor-top-section elementor-element elementor-element-f7e4e20 elementor-section-full_width elementor-hidden-widescreen elementor-hidden-desktop elementor-hidden-tablet elementor-hidden-mobile elementor-section-height-default elementor-section-height-default\" data-id=\"f7e4e20\" data-element_type=\"section\" data-e-type=\"section\" data-settings=\"{&quot;background_background&quot;:&quot;classic&quot;}\">\n\t\t\t\t\t\t<div class=\"elementor-container elementor-column-gap-default\">\n\t\t\t\t\t<div class=\"elementor-column elementor-col-100 elementor-top-column elementor-element elementor-element-c22c910\" data-id=\"c22c910\" data-element_type=\"column\" data-e-type=\"column\">\n\t\t\t<div class=\"elementor-widget-wrap elementor-element-populated\">\n\t\t\t\t\t\t<div class=\"elementor-element elementor-element-7a1f780 elementor-invisible elementor-widget elementor-widget-text-editor\" data-id=\"7a1f780\" data-element_type=\"widget\" data-e-type=\"widget\" data-settings=\"{&quot;_animation&quot;:&quot;fadeIn&quot;,&quot;_animation_delay&quot;:150}\" data-widget_type=\"text-editor.default\">\n\t\t\t\t<div class=\"elementor-widget-container\">\n\t\t\t\t\t\t\t\t\t<p><span style=\"font-size: 14pt;\"><b>Guide du propri\u00e9taire pour la location et la gestion de propri\u00e9t\u00e9s locatives \u00e0 Duba\u00ef<\/b><\/span><\/p>\t\t\t\t\t\t\t\t<\/div>\n\t\t\t\t<\/div>\n\t\t\t\t<div class=\"elementor-element elementor-element-f050774 elementor-invisible elementor-widget elementor-widget-text-editor\" data-id=\"f050774\" data-element_type=\"widget\" data-e-type=\"widget\" data-settings=\"{&quot;_animation&quot;:&quot;fadeIn&quot;,&quot;_animation_delay&quot;:150}\" data-widget_type=\"text-editor.default\">\n\t\t\t\t<div class=\"elementor-widget-container\">\n\t\t\t\t\t\t\t\t\t<p style=\"font-size: 18px;\">Vous planifiez votre prochain investissement immobilier? Nous pouvons vous aider, que vous souhaitiez r\u00e9pertorier des propri\u00e9t\u00e9s \u00e0 court ou \u00e0 long terme de tout type, des tours d&#039;appartements aux villas.<\/p><p style=\"font-size: 18px;\">Jetez un \u0153il \u00e0 notre guide \u00e9tape par \u00e9tape du propri\u00e9taire, rempli de pr\u00e9cieux conseils de nos professionnels de l&#039;immobilier locaux.<\/p><p><strong><span style=\"font-size: 18.6667px;\">\u00a0<\/span><\/strong><\/p><p><strong><span style=\"font-size: 18.6667px;\">\u00c9tape 1 : Obtenez une analyse comparative du march\u00e9<\/span><\/strong><\/p><p><span style=\"font-size: 18.6667px;\">Contactez un agent immobilier local pour obtenir une \u00e9valuation marketing ou une analyse de march\u00e9 comparative (CMA) pour votre portefeuille immobilier.<\/span><\/p><p><span style=\"font-size: 18.6667px;\">\u00a0<\/span><\/p><p><strong><span style=\"font-size: 18.6667px;\">\u00c9tape 2 : Embaucher un gestionnaire immobilier<\/span><\/strong><\/p><p><span style=\"font-size: 18.6667px;\">Envisagez d&#039;engager un gestionnaire immobilier par l&#039;interm\u00e9diaire de votre agent pour pr\u00e9parer et pr\u00e9senter votre propri\u00e9t\u00e9 dans son meilleur \u00e9tat afin de vous d\u00e9marquer et d&#039;attirer les bons locataires.<\/span><\/p><p><span style=\"font-size: 18.6667px;\">Ceci est particuli\u00e8rement avantageux si vous poss\u00e9dez plusieurs propri\u00e9t\u00e9s ou si vous g\u00e9rez votre investissement \u00e0 distance. Un gestionnaire immobilier peut \u00e9galement vous aider \u00e0 r\u00e9soudre les probl\u00e8mes d&#039;entretien, \u00e0 g\u00e9rer les recouvrements de paiements et \u00e0 renouveler votre propri\u00e9t\u00e9 en votre nom afin que vous puissiez avoir l&#039;esprit tranquille.<\/span><\/p><p><span style=\"font-size: 18.6667px;\">\u00a0<\/span><\/p><p><strong><span style=\"font-size: 18.6667px;\">\u00c9tape 3 : Embauchez un courtier fiable<\/span><\/strong><\/p><p><span style=\"font-size: 18.6667px;\">Trouvez un courtier avec une bonne r\u00e9putation et sur lequel vous pouvez compter pour veiller \u00e0 vos meilleurs int\u00e9r\u00eats et donner \u00e0 votre propri\u00e9t\u00e9 la meilleure exposition sur le march\u00e9.<\/span><\/p><p><span style=\"font-size: 18.6667px;\">\u00a0<\/span><\/p><p><strong><span style=\"font-size: 18.6667px;\">\u00c9tape 4 : Signer le formulaire RERA A<\/span><\/strong><\/p><p><span style=\"font-size: 18.6667px;\">En tant que propri\u00e9taire enregistr\u00e9, vous devrez signer un formulaire d&#039;inscription RERA pour donner \u00e0 votre courtier la permission d&#039;inscrire et de commercialiser votre propri\u00e9t\u00e9. Vous devrez \u00e9galement fournir une copie des titres de propri\u00e9t\u00e9 et votre pi\u00e8ce d&#039;identit\u00e9 afin que votre courtier puisse compl\u00e9ter sa diligence raisonnable.<\/span><\/p><p><span style=\"font-size: 18.6667px;\">\u00a0<\/span><\/p><p><strong><span style=\"font-size: 18.6667px;\">\u00c9tape 5 : Assistez aux visites et consid\u00e9rez chaque offre<\/span><\/strong><\/p><p><span style=\"font-size: 18.6667px;\">Une fois que votre propri\u00e9t\u00e9 est r\u00e9pertori\u00e9e, restez en contact avec votre courtier pour des mises \u00e0 jour en temps opportun et essayez d&#039;assister aux visites afin de pouvoir dialoguer directement avec tout locataire potentiel.<\/span><\/p><p><span style=\"font-size: 18.6667px;\">Consid\u00e9rez chaque offre qui se pr\u00e9sente \u00e0 vous et soyez pr\u00eat \u00e0 n\u00e9gocier. D&#039;autre part, ne rejetez aucune offre tant que vous ne savez pas \u00e0 quel point votre propri\u00e9t\u00e9 est populaire sur le march\u00e9.<\/span><\/p><p><span style=\"font-size: 18.6667px;\">\u00a0<\/span><\/p><p><strong><span style=\"font-size: 18.6667px;\">\u00c9tape 6 : R\u00e9digez le contrat de location<\/span><\/strong><\/p><p><span style=\"font-size: 18.6667px;\">Envisagez de demander des conseils et une assistance juridiques lors de la r\u00e9daction du contrat de location avec vos locataires et de la r\u00e9daction des contrats finaux.<\/span><\/p><p><span style=\"font-size: 18.6667px;\">La loi vous obligera \u00e0 enregistrer vos contrats de location aupr\u00e8s d&#039;Ejari, un syst\u00e8me con\u00e7u pour r\u00e9glementer et faciliter le march\u00e9 locatif de Duba\u00ef. Votre contrat sera conserv\u00e9 pendant toute la dur\u00e9e de la location, o\u00f9 il ne pourra pas \u00eatre modifi\u00e9.<\/span><\/p><p><span style=\"font-size: 18.6667px;\">\u00a0<\/span><\/p><p><strong><span style=\"font-size: 18.6667px;\">Vous cherchez \u00e0 louer votre propri\u00e9t\u00e9 \u00e0 Duba\u00ef ? Contactez-nous aujourd&#039;hui!<\/span><\/strong><\/p>\t\t\t\t\t\t\t\t<\/div>\n\t\t\t\t<\/div>\n\t\t\t\t\t<\/div>\n\t\t<\/div>\n\t\t\t\t\t<\/div>\n\t\t<\/section>\n\t\t\t\t<\/div>","protected":false},"excerpt":{"rendered":"<p>Landlord&#8217;s Agency We represent and advise Landlords on leasing and managing rental properties in Dubai\u00a0 A Landlord\u2019s Guide to Leasing and Managing Rental Properties in Dubai Planning on your next investment in real estate? We can help, whether you want to list short-term or long-term properties of any type, from apartment towers to villas. Take a look at our step-by-step landlord\u2019s guide, packed with &#8230;<\/p>","protected":false},"author":1,"featured_media":0,"parent":0,"menu_order":0,"comment_status":"closed","ping_status":"closed","template":"","meta":{"footnotes":""},"class_list":["post-19549","page","type-page","status-publish","hentry"],"_links":{"self":[{"href":"https:\/\/eazaerealty.com\/fr\/wp-json\/wp\/v2\/pages\/19549","targetHints":{"allow":["GET"]}}],"collection":[{"href":"https:\/\/eazaerealty.com\/fr\/wp-json\/wp\/v2\/pages"}],"about":[{"href":"https:\/\/eazaerealty.com\/fr\/wp-json\/wp\/v2\/types\/page"}],"author":[{"embeddable":true,"href":"https:\/\/eazaerealty.com\/fr\/wp-json\/wp\/v2\/users\/1"}],"replies":[{"embeddable":true,"href":"https:\/\/eazaerealty.com\/fr\/wp-json\/wp\/v2\/comments?post=19549"}],"version-history":[{"count":50,"href":"https:\/\/eazaerealty.com\/fr\/wp-json\/wp\/v2\/pages\/19549\/revisions"}],"predecessor-version":[{"id":23073,"href":"https:\/\/eazaerealty.com\/fr\/wp-json\/wp\/v2\/pages\/19549\/revisions\/23073"}],"wp:attachment":[{"href":"https:\/\/eazaerealty.com\/fr\/wp-json\/wp\/v2\/media?parent=19549"}],"curies":[{"name":"wp","href":"https:\/\/api.w.org\/{rel}","templated":true}]}}